{"id":3,"date":"2022-05-03T08:21:38","date_gmt":"2022-05-03T08:21:38","guid":{"rendered":"http:\/\/vincelli.local\/?page_id=3"},"modified":"2022-11-09T09:55:59","modified_gmt":"2022-11-09T09:55:59","slug":"privacy-policy","status":"publish","type":"page","link":"https:\/\/www.vincelli-prosecco.com\/de\/privacy-policy\/","title":{"rendered":"Datenschutzerkl\u00e4rung"},"content":{"rendered":"<div class=\"row align-middle align-center\"  id=\"row-513957813\">\n\n\n\t<div id=\"col-777492561\" class=\"col medium-9 small-12 large-9\"  >\n\t\t\t\t<div class=\"col-inner\"  >\n\t\t\t\n\t\t\t\n\n\t<div id=\"text-3858357349\" class=\"text\">\n\t\t\n\n<h1 style=\"text-align: center;\"><span style=\"font-size: 150%;\">Datenschutzerkl\u00e4rung<\/span><\/h1>\n<p><strong>Wir bei Vincelli sind hier, um Ihre Privatsph\u00e4re zu sch\u00fctzen! Ihre Daten werden so verarbeitet, dass maximale Sicherheit und Vertraulichkeit gew\u00e4hrleistet sind, und nur von Personen, die f\u00fcr die Verarbeitung geschult und autorisiert sind.<\/strong><\/p>\n<h3 class=\"uppercase\">1 Verfasser der Erkl\u00e4rung<\/h3>\n<p><strong>Mit dieser Erkl\u00e4rung erl\u00e4utern wir, wie wir Ihre personenbezogenen Daten erheben und verarbeiten. Diese Richtlinie erl\u00e4utert weiter, welche Art von Informationen gesammelt werden und wie wir diese Informationen entsprechend verarbeiten.<\/strong><\/p>\n<p><strong>Wenn in dieser Richtlinie die W\u00f6rter \u201ewir\u201c, \u201euns\u201c oder \u201edas Unternehmen\u201c verwendet werden, beziehen wir uns auf das Unternehmen Vincelli und seine rechtlichen Eigent\u00fcmer.<\/strong><\/p>\n<h3 class=\"uppercase\">2 Umfang dieser Erkl\u00e4rung<\/h3>\n<p><strong>Jeder, der unsere Website nutzt oder durchscrollt, unterliegt dieser Richtlinie, und alle angegebenen Informationen gelten f\u00fcr den Benutzer. Diese Richtlinie wurde am 11. November 2022 erstellt und kann von uns jederzeit ohne weitere Ank\u00fcndigung ge\u00e4ndert werden.<\/strong><\/p>\n<h3 class=\"uppercase\">3 Pers\u00f6nliche Daten<\/h3>\n<p><strong>Wir beziehen uns auf personenbezogene Daten als Informationen \u00fcber alle Informationen, mit denen eine Person identifiziert werden kann. <\/strong><\/p>\n<p><strong>Hierbei k\u00f6nnen wir Informationen wie Ihren Namen, Ihre E-Mail-Adresse und andere Kontaktinformationen, die Sie uns zur Verf\u00fcgung stellen, indem Sie uns \u00fcber unsere Website kontaktieren, sowie Geolokalisierungsdaten wie Ihre IP-Adresse erfassen. Wir k\u00f6nnen auch Informationen dar\u00fcber sammeln, wie Sie unsere Website nutzen, um die Benutzererfahrung zu verbessern. Vincelli beabsichtigt nicht, personenbezogene Daten von Minderj\u00e4hrigen zu sammeln oder absichtlich eine Kommunikation mit ihnen herzustellen.<\/strong><\/p>\n<h3 class=\"uppercase\">4 Dritte und Datenspeicherung<\/h3>\n<p><strong>Informationen an Dritte werden nur weitergegeben, wenn dies f\u00fcr die Nutzung unserer Website erforderlich ist. <\/strong><\/p>\n<p><strong>Sie k\u00f6nnen uns eine Anfrage in Bezug auf das Datenschutzgesetz senden und wir werden diese Anfrage innerhalb von 14 Werktagen bearbeiten. Hierbei haben Sie das Recht auf L\u00f6schung der erhobenen Daten sowie das Recht auf Einschr\u00e4nkung der Verarbeitung Ihrer Daten und Widerruf einer erteilten Einwilligung zur \u00dcbertragbarkeit Ihrer Daten.<\/strong><\/p>\n<h3 class=\"uppercase\">5 Cookies<\/h3>\n<p><strong>Auf dieser Website k\u00f6nnen wir technisch notwendige Cookies verwenden, um das reibungslose Funktionieren unserer Website zu erm\u00f6glichen.<\/strong><\/p>\n<h5 style=\"text-align: center;\"><strong>Wenn Sie Fragen zu dieser Datenschutzrichtlinie oder andere Anfragen haben, kontaktieren Sie uns bitte unter:<br \/><a href=\"mailto:office@vincelli-prosecco.com\">office@vincelli-prosecco.com<\/a><\/strong><\/h5>\n\t\t\n<style>\n#text-3858357349 {\n  font-size: 0.9rem;\n  color: rgb(0,0,0);\n}\n#text-3858357349 > * {\n  color: rgb(0,0,0);\n}\n<\/style>\n\t<\/div>\n\t\n\n\t\t<\/div>\n\t\t\t\t\t<\/div>\n\n\t\n\n<\/div>","protected":false},"excerpt":{"rendered":"","protected":false},"author":1,"featured_media":0,"parent":0,"menu_order":0,"comment_status":"closed","ping_status":"open","template":"","meta":{"footnotes":""},"class_list":["post-3","page","type-page","status-publish","hentry"],"_links":{"self":[{"href":"https:\/\/www.vincelli-prosecco.com\/de\/wp-json\/wp\/v2\/pages\/3","targetHints":{"allow":["GET"]}}],"collection":[{"href":"https:\/\/www.vincelli-prosecco.com\/de\/wp-json\/wp\/v2\/pages"}],"about":[{"href":"https:\/\/www.vincelli-prosecco.com\/de\/wp-json\/wp\/v2\/types\/page"}],"author":[{"embeddable":true,"href":"https:\/\/www.vincelli-prosecco.com\/de\/wp-json\/wp\/v2\/users\/1"}],"replies":[{"embeddable":true,"href":"https:\/\/www.vincelli-prosecco.com\/de\/wp-json\/wp\/v2\/comments?post=3"}],"version-history":[{"count":3,"href":"https:\/\/www.vincelli-prosecco.com\/de\/wp-json\/wp\/v2\/pages\/3\/revisions"}],"predecessor-version":[{"id":260,"href":"https:\/\/www.vincelli-prosecco.com\/de\/wp-json\/wp\/v2\/pages\/3\/revisions\/260"}],"wp:attachment":[{"href":"https:\/\/www.vincelli-prosecco.com\/de\/wp-json\/wp\/v2\/media?parent=3"}],"curies":[{"name":"wp","href":"https:\/\/api.w.org\/{rel}","templated":true}]}}