{"id":153,"date":"2022-11-04T09:22:03","date_gmt":"2022-11-04T09:22:03","guid":{"rendered":"http:\/\/vincelli.local\/?page_id=153"},"modified":"2022-11-09T14:00:46","modified_gmt":"2022-11-09T14:00:46","slug":"prosecco-brut","status":"publish","type":"page","link":"https:\/\/www.vincelli-prosecco.com\/de\/prosecco-brut\/","title":{"rendered":"Vincelli Brut Prosecco Superiore"},"content":{"rendered":"<section class=\"section\" id=\"section_615917168\">\n\t\t<div class=\"bg section-bg fill bg-fill\" >\n\n\t\t\t\n\t\t\t\n\t\t\t\n\n\t\t<\/div>\n\n\t\t<div class=\"section-content relative\">\n\t\t\t\n\n\t<div id=\"gap-317664290\" class=\"gap-element clearfix\" style=\"display:block; height:auto;\">\n\t\t\n<style>\n#gap-317664290 {\n  padding-top: 90px;\n}\n@media (min-width:550px) {\n  #gap-317664290 {\n    padding-top: 30px;\n  }\n}\n<\/style>\n\t<\/div>\n\t\n\n<div class=\"row\"  id=\"row-2027601955\">\n\n\n\t<div id=\"col-1701966847\" class=\"col small-12 large-12\"  data-animate=\"fadeInUp\">\n\t\t\t\t<div class=\"col-inner\"  >\n\t\t\t\n\t\t\t\n\n\t<div id=\"text-3725625651\" class=\"text\">\n\t\t\n\n<h3 class=\"uppercase thin-font\"><span style=\"color: #d9d9d9;\">Prosecco di Valdobbiadene<\/span><\/h3>\n<h1 class=\"uppercase\"><span style=\"font-size: 120%;\">Vincelli Brut Prosecco Superiore DOCG<\/span><\/h1>\n\t\t\n<style>\n#text-3725625651 {\n  font-size: 0.75rem;\n  color: rgb(255, 255, 255);\n}\n#text-3725625651 > * {\n  color: rgb(255, 255, 255);\n}\n<\/style>\n\t<\/div>\n\t\n\n\t\t<\/div>\n\t\t\t\t\t<\/div>\n\n\t\n\n<\/div>\n<div class=\"row align-center\"  id=\"row-466171209\">\n\n\n\t<div id=\"col-355035568\" class=\"col medium-4 small-12 large-4\"  data-animate=\"fadeInUp\">\n\t\t\t\t<div class=\"col-inner text-center\"  >\n\t\t\t\n\t\t\t\n\n\t<div class=\"img has-hover x md-x lg-x y md-y lg-y\" id=\"image_1324715783\">\n\t\t\t\t\t\t\t\t<div class=\"img-inner image-cover dark\" style=\"padding-top:200%;\">\n\t\t\t<img loading=\"lazy\" decoding=\"async\" width=\"687\" height=\"1024\" src=\"https:\/\/www.vincelli-prosecco.com\/wp-content\/uploads\/2022\/06\/Vincelliprosecconeu3-687x1024.png\" class=\"attachment-large size-large\" alt=\"\" srcset=\"https:\/\/www.vincelli-prosecco.com\/wp-content\/uploads\/2022\/06\/Vincelliprosecconeu3-687x1024.png 687w, https:\/\/www.vincelli-prosecco.com\/wp-content\/uploads\/2022\/06\/Vincelliprosecconeu3-201x300.png 201w, https:\/\/www.vincelli-prosecco.com\/wp-content\/uploads\/2022\/06\/Vincelliprosecconeu3-768x1145.png 768w, https:\/\/www.vincelli-prosecco.com\/wp-content\/uploads\/2022\/06\/Vincelliprosecconeu3-1030x1536.png 1030w, https:\/\/www.vincelli-prosecco.com\/wp-content\/uploads\/2022\/06\/Vincelliprosecconeu3.png 1059w\" sizes=\"auto, (max-width: 687px) 100vw, 687px\" \/>\t\t\t\t\t\t\n\t\t\t\t\t<\/div>\n\t\t\t\t\t\t\t\t\n<style>\n#image_1324715783 {\n  width: 50%;\n}\n@media (min-width:550px) {\n  #image_1324715783 {\n    width: 70%;\n  }\n}\n<\/style>\n\t<\/div>\n\t\n\n\n\t\t<\/div>\n\t\t\t\t\t<\/div>\n\n\t\n\n\t<div id=\"col-477803096\" class=\"col medium-8 small-12 large-8\"  data-animate=\"fadeInUp\">\n\t\t\t\t<div class=\"col-inner\"  >\n\t\t\t\n\t\t\t\n\n\t<div id=\"text-1551603600\" class=\"text\">\n\t\t\n\n<h4 class=\"uppercase\">Technische Daten<\/h4>\n<p>Traube: <span style=\"color: #cfcfcf;\">100% Glera<\/span><br \/>Herstellung: <span style=\"color: #cfcfcf;\">Die Mazeration zusammen mit der Schale und ein schonendes Pressverfahren ergeben einen edlen Most, der etwa 60 Tage im Tank heranreift und eine feine und anhaltenden Perlage hervorbringt. Nach diesem Prozess ruht der Wein weitere 100 Tage, was zu einem einzigartigen Geschmacksprofil f\u00fchrt.<br \/><\/span>Alkohol in %: <span style=\"color: #cfcfcf;\">11,5<br \/><\/span>Nat\u00fcrlicher Restzucker: <span style=\"color: #cfcfcf;\">9 gr\/l<\/span><br \/>Herkunftsort: <span style=\"color: #cfcfcf;\">Santo Stefano, Valdobbiadene<\/span><\/p>\n<h4 class=\"uppercase\">Eigenschaften:<\/h4>\n<p>Bouquet: <span style=\"color: #cfcfcf;\">Elegante Frucht wie Apfel und Zitrusfr\u00fcchte mit einer dezenten mineralischen Note<\/span><br \/>Gaumen: <span style=\"color: #cfcfcf;\">Fein strukturiertes Geschmacksprofil, ein angenehmer Wein mit typischen Glera-Noten, mit einem langen und weichen Abgang, angenehm am Gaumen<\/span>\u00a0<span style=\"color: #cfcfcf;\"><br \/><\/span>Farbe: <span style=\"color: #cfcfcf;\">Ein funkelndes Silber mit einem Hauch von Gold<br \/><\/span>Serviertemperatur: <span style=\"color: #cfcfcf;\">6-7 \u00b0C<\/span><br \/>Perlage: <span style=\"color: #cfcfcf;\">Sehr feine und lang anhaltende Perlage, die aus einem langen G\u00e4rungsprozess entsteht<\/span><\/p>\n\t\t\n<style>\n#text-1551603600 {\n  color: rgb(255, 255, 255);\n}\n#text-1551603600 > * {\n  color: rgb(255, 255, 255);\n}\n<\/style>\n\t<\/div>\n\t\n<div class=\"row row-small align-middle align-center\"  id=\"row-1494011923\">\n\n\n\t<div id=\"col-692136988\" class=\"col medium-4 small-12 large-4\"  data-animate=\"fadeInUp\">\n\t\t\t\t<div class=\"col-inner\"  >\n\t\t\t\n\t\t\t\n\n\n\t\t<div class=\"icon-box featured-box icon-box-center text-center\"  >\n\t\t\t\t\t<div class=\"icon-box-img has-icon-bg\" style=\"width: 60px\">\n\t\t\t\t<div class=\"icon\">\n\t\t\t\t\t<div class=\"icon-inner\" style=\"border-width:1px;color:rgb(255, 255, 255);\">\n\t\t\t\t\t\t<img loading=\"lazy\" decoding=\"async\" width=\"300\" height=\"300\" src=\"https:\/\/www.vincelli-prosecco.com\/wp-content\/uploads\/2022\/11\/1171686_citrus_fresh_fruit_grape_grapes_icon-300x300.png\" class=\"attachment-medium size-medium\" alt=\"\" srcset=\"https:\/\/www.vincelli-prosecco.com\/wp-content\/uploads\/2022\/11\/1171686_citrus_fresh_fruit_grape_grapes_icon-300x300.png 300w, https:\/\/www.vincelli-prosecco.com\/wp-content\/uploads\/2022\/11\/1171686_citrus_fresh_fruit_grape_grapes_icon-1024x1024.png 1024w, https:\/\/www.vincelli-prosecco.com\/wp-content\/uploads\/2022\/11\/1171686_citrus_fresh_fruit_grape_grapes_icon-150x150.png 150w, https:\/\/www.vincelli-prosecco.com\/wp-content\/uploads\/2022\/11\/1171686_citrus_fresh_fruit_grape_grapes_icon-768x768.png 768w, https:\/\/www.vincelli-prosecco.com\/wp-content\/uploads\/2022\/11\/1171686_citrus_fresh_fruit_grape_grapes_icon-1536x1536.png 1536w, https:\/\/www.vincelli-prosecco.com\/wp-content\/uploads\/2022\/11\/1171686_citrus_fresh_fruit_grape_grapes_icon-2048x2048.png 2048w\" sizes=\"auto, (max-width: 300px) 100vw, 300px\" \/>\t\t\t\t\t<\/div>\n\t\t\t\t<\/div>\n\t\t\t<\/div>\n\t\t\t\t<div class=\"icon-box-text last-reset\">\n\t\t\t\t\t\t\t\t\t\n\n\t<div id=\"text-1111483144\" class=\"text\">\n\t\t\n\n<p class=\"uppercase\"><span style=\"font-size: 80%;\">100% Glera<\/span><\/p>\n\t\t\n<style>\n#text-1111483144 {\n  color: rgb(255, 255, 255);\n}\n#text-1111483144 > * {\n  color: rgb(255, 255, 255);\n}\n<\/style>\n\t<\/div>\n\t\n\n\t\t<\/div>\n\t<\/div>\n\t\n\t\n\n\t\t<\/div>\n\t\t\t\t\t<\/div>\n\n\t\n\n\t<div id=\"col-1195236215\" class=\"col medium-4 small-12 large-4\"  data-animate=\"fadeInUp\">\n\t\t\t\t<div class=\"col-inner\"  >\n\t\t\t\n\t\t\t\n\n\n\t\t<div class=\"icon-box featured-box icon-box-center text-center\"  >\n\t\t\t\t\t<div class=\"icon-box-img has-icon-bg\" style=\"width: 60px\">\n\t\t\t\t<div class=\"icon\">\n\t\t\t\t\t<div class=\"icon-inner\" style=\"border-width:1px;color:rgb(255, 255, 255);\">\n\t\t\t\t\t\t<svg viewbox=\"0 0 50 50\" xml:space=\"preserve\" xmlns=\"http:\/\/www.w3.org\/2000\/svg\"><path d=\"M25.005 12.572c-6.852-.007-12.431 5.571-12.435 12.425-.002 6.856 5.574 12.428 12.422 12.43C31.854 37.425 37.43 31.854 37.43 25c.006-6.854-5.573-12.428-12.425-12.428zm-.011 23.218c-5.947 0-10.788-4.841-10.786-10.796.003-5.949 4.846-10.787 10.797-10.787 5.946 0 10.794 4.842 10.786 10.791.005 5.962-4.838 10.792-10.797 10.792z\" fill=\"#ffffff\" class=\"fill-000000\"><\/path><path d=\"m25.777 18.234-.767-2.119-.781 2.121-2.225-.392 1.444 1.737-1.445 1.73 2.224-.387.778 2.119.772-2.119 2.228.395-1.45-1.734 1.448-1.733z\" fill=\"#ffffff\" class=\"fill-000000\"><\/path><\/svg>\t\t\t\t\t<\/div>\n\t\t\t\t<\/div>\n\t\t\t<\/div>\n\t\t\t\t<div class=\"icon-box-text last-reset\">\n\t\t\t\t\t\t\t\t\t\n\n\t<div id=\"text-2796624937\" class=\"text\">\n\t\t\n\n<p class=\"uppercase\"><span style=\"font-size: 80%;\">Leichter Zitrus<\/span><\/p>\n\t\t\n<style>\n#text-2796624937 {\n  color: rgb(255, 255, 255);\n}\n#text-2796624937 > * {\n  color: rgb(255, 255, 255);\n}\n<\/style>\n\t<\/div>\n\t\n\n\t\t<\/div>\n\t<\/div>\n\t\n\t\n\n\t\t<\/div>\n\t\t\t\t\t<\/div>\n\n\t\n\n\t<div id=\"col-190231025\" class=\"col medium-4 small-12 large-4\"  data-animate=\"fadeInUp\">\n\t\t\t\t<div class=\"col-inner\"  >\n\t\t\t\n\t\t\t\n\n\n\t\t<div class=\"icon-box featured-box icon-box-center text-center\"  >\n\t\t\t\t\t<div class=\"icon-box-img has-icon-bg\" style=\"width: 60px\">\n\t\t\t\t<div class=\"icon\">\n\t\t\t\t\t<div class=\"icon-inner\" style=\"border-width:1px;color:rgb(255, 255, 255);\">\n\t\t\t\t\t\t<svg viewbox=\"0 0 50 50\" xml:space=\"preserve\" xmlns=\"http:\/\/www.w3.org\/2000\/svg\"><path d=\"M29.98 18.252c-1.137 0-2.031.275-2.824.52-.109.032-.213.065-.315.091l3.747-3.809a.832.832 0 0 0-.002-1.169.815.815 0 0 0-1.16-.002l-3.604 3.672v-6.744a.823.823 0 0 0-.813-.833.824.824 0 0 0-.823.832l-.002 8.303a11.68 11.68 0 0 1-1.333-.34c-.791-.246-1.695-.524-2.82-.524-4.324 0-7.461 2.964-7.461 7.038 0 2.127 1.026 4.863 1.518 6.177l.14.367c.127.353.321.935.52 1.513.257.774.522 1.551.642 1.848 1.016 2.55 2.258 4.828 6.223 4.832l6.773-.004c3.966.004 5.207-2.278 6.229-4.824.117-.291.38-1.071.641-1.842.195-.584.396-1.164.521-1.516l.135-.369c.49-1.314 1.521-4.047 1.523-6.174-.005-4.081-3.135-7.043-7.455-7.043zm4.397 12.627-.143.385c-.133.36-.334.959-.529 1.553-.252.736-.505 1.476-.615 1.761-1.048 2.622-1.979 3.793-4.703 3.791l-6.772-.003c-2.738.001-3.659-1.172-4.702-3.792-.116-.282-.367-1.025-.616-1.763a65.735 65.735 0 0 0-.533-1.553l-.144-.38c-.418-1.129-1.41-3.767-1.41-5.586 0-3.166 2.396-5.383 5.821-5.386.886.003 1.588.22 2.345.45.784.243 1.602.497 2.628.493 1.024-.003 1.84-.249 2.632-.49.745-.23 1.452-.444 2.342-.444 3.426-.004 5.819 2.212 5.819 5.382-.006 1.823-.996 4.463-1.42 5.582z\" fill=\"#ffffff\" class=\"fill-000000\"><\/path><\/svg>\t\t\t\t\t<\/div>\n\t\t\t\t<\/div>\n\t\t\t<\/div>\n\t\t\t\t<div class=\"icon-box-text last-reset\">\n\t\t\t\t\t\t\t\t\t\n\n\t<div id=\"text-21265937\" class=\"text\">\n\t\t\n\n<p class=\"uppercase\"><span style=\"font-size: 80%;\">Trockene Fruchtnoten<\/span><\/p>\n\t\t\n<style>\n#text-21265937 {\n  color: rgb(255, 255, 255);\n}\n#text-21265937 > * {\n  color: rgb(255, 255, 255);\n}\n<\/style>\n\t<\/div>\n\t\n\n\t\t<\/div>\n\t<\/div>\n\t\n\t\n\n\t\t<\/div>\n\t\t\t\t\t<\/div>\n\n\t\n\n<\/div>\n\n\t\t<\/div>\n\t\t\t\t\t<\/div>\n\n\t\n\n<\/div>\n\n\t\t<\/div>\n\n\t\t\n<style>\n#section_615917168 {\n  padding-top: 30px;\n  padding-bottom: 30px;\n  min-height: 110vh;\n}\n#section_615917168 .section-bg.bg-loaded {\n  background-image: url(https:\/\/www.vincelli-prosecco.com\/wp-content\/uploads\/2022\/11\/brutgradient-scaled.jpg);\n}\n<\/style>\n\t<\/section>\n\t\n\t<section class=\"section has-parallax\" id=\"section_435804902\">\n\t\t<div class=\"bg section-bg fill bg-fill\" data-parallax-container=\".section\" data-parallax-background data-parallax=\"-8\">\n\n\t\t\t\n\t\t\t\n\t\t\t\n\n\t\t<\/div>\n\n\t\t<div class=\"section-content relative\">\n\t\t\t\n\n\n  <div class=\"banner has-hover\" id=\"banner-1645232525\">\n          <div class=\"banner-inner fill\">\n        <div class=\"banner-bg fill\" >\n            <div class=\"bg fill bg-fill\"><\/div>\n                        <div class=\"overlay\"><\/div>            \n                    <\/div>\n        <div class=\"banner-layers container\">\n            <div class=\"fill banner-link\"><\/div>            \n\n   <div id=\"text-box-1684061331\" class=\"text-box banner-layer x50 md-x50 lg-x50 y50 md-y50 lg-y50 res-text\">\n                                <div class=\"text-box-content text dark\">\n              \n              <div class=\"text-inner text-center\">\n                  \n\n\t<div id=\"text-1504750509\" class=\"text\">\n\t\t\n\n<h5 class=\"uppercase thin-font\"><img loading=\"lazy\" decoding=\"async\" class=\"alignnone  wp-image-168\" src=\"http:\/\/vincelli.local\/wp-content\/uploads\/2022\/11\/location-pin-512-300x300.png\" alt=\"\" width=\"23\" height=\"23\" srcset=\"https:\/\/www.vincelli-prosecco.com\/wp-content\/uploads\/2022\/11\/location-pin-512-300x300.png 300w, https:\/\/www.vincelli-prosecco.com\/wp-content\/uploads\/2022\/11\/location-pin-512-150x150.png 150w, https:\/\/www.vincelli-prosecco.com\/wp-content\/uploads\/2022\/11\/location-pin-512.png 512w\" sizes=\"auto, (max-width: 23px) 100vw, 23px\" \/><\/h5>\n<h5 class=\"uppercase thin-font\">Santo Stefano, Valdobbiadene<\/h5>\n<h1 class=\"thin-font\"><span style=\"font-size: 80%;\"><b>Vincelli Brut<\/b><\/span><\/h1>\n\t\t\n<style>\n#text-1504750509 {\n  font-size: 0.75rem;\n  line-height: 0.75;\n}\n@media (min-width:550px) {\n  #text-1504750509 {\n    font-size: 1rem;\n  }\n}\n<\/style>\n\t<\/div>\n\t\n\n              <\/div>\n           <\/div>\n                            \n<style>\n#text-box-1684061331 {\n  width: 60%;\n}\n#text-box-1684061331 .text-box-content {\n  font-size: 100%;\n}\n<\/style>\n    <\/div>\n \n\n        <\/div>\n      <\/div>\n\n            \n<style>\n#banner-1645232525 {\n  padding-top: 300px;\n}\n#banner-1645232525 .bg.bg-loaded {\n  background-image: url(https:\/\/www.vincelli-prosecco.com\/wp-content\/uploads\/2022\/11\/WeingartenSonne.webp);\n}\n#banner-1645232525 .overlay {\n  background-color: rgba(0, 0, 0, 0.651);\n}\n<\/style>\n  <\/div>\n\n\n\t<div id=\"gap-783178199\" class=\"gap-element clearfix\" style=\"display:block; height:auto;\">\n\t\t\n<style>\n#gap-783178199 {\n  padding-top: 100px;\n}\n<\/style>\n\t<\/div>\n\t\n\n<div class=\"row row-large align-middle align-center\"  id=\"row-977295785\">\n\n\n\t<div id=\"col-1697498044\" class=\"col medium-6 small-12 large-6\"  data-animate=\"fadeInUp\">\n\t\t\t\t<div class=\"col-inner\"  >\n\t\t\t\n\t\t\t\n\n\t<div class=\"img has-hover x md-x lg-x y md-y lg-y\" id=\"image_591775559\">\n\t\t\t\t\t\t\t\t<div class=\"img-inner dark\" >\n\t\t\t<img loading=\"lazy\" decoding=\"async\" width=\"1024\" height=\"578\" src=\"https:\/\/www.vincelli-prosecco.com\/wp-content\/uploads\/2022\/06\/177524525_4142628512466961_1178804167501147216_n-1024x578.jpg\" class=\"attachment-large size-large\" alt=\"\" srcset=\"https:\/\/www.vincelli-prosecco.com\/wp-content\/uploads\/2022\/06\/177524525_4142628512466961_1178804167501147216_n-1024x578.jpg 1024w, https:\/\/www.vincelli-prosecco.com\/wp-content\/uploads\/2022\/06\/177524525_4142628512466961_1178804167501147216_n-300x169.jpg 300w, https:\/\/www.vincelli-prosecco.com\/wp-content\/uploads\/2022\/06\/177524525_4142628512466961_1178804167501147216_n-768x434.jpg 768w, https:\/\/www.vincelli-prosecco.com\/wp-content\/uploads\/2022\/06\/177524525_4142628512466961_1178804167501147216_n.jpg 1440w\" sizes=\"auto, (max-width: 1024px) 100vw, 1024px\" \/>\t\t\t\t\t\t\n\t\t\t\t\t<\/div>\n\t\t\t\t\t\t\t\t\n<style>\n#image_591775559 {\n  width: 100%;\n}\n<\/style>\n\t<\/div>\n\t\n\n\n\t\t<\/div>\n\t\t\t\t\t<\/div>\n\n\t\n\n\t<div id=\"col-1887674391\" class=\"col medium-5 small-12 large-5\"  data-animate=\"fadeInUp\">\n\t\t\t\t<div class=\"col-inner\"  >\n\t\t\t\n\t\t\t\n\n\t<div id=\"text-3848274813\" class=\"text\">\n\t\t\n\n<h3 class=\"uppercase\">Die Ernte<\/h3>\n<p>Eingebettet in den H\u00fcgeln rund um Valdobbiadene werden die Trauben f\u00fcr den Vincelli Brut sorgf\u00e4ltig von Hand geerntet. Die steilen H\u00e4nge der H\u00fcgel setzen bereits seit Jahrhunderten der Art und Weise, wie diese kostbare Traube geerntet werden kann klare Grenzen.<\/p>\n\t\t\n<style>\n#text-3848274813 {\n  color: rgb(255, 255, 255);\n}\n#text-3848274813 > * {\n  color: rgb(255, 255, 255);\n}\n<\/style>\n\t<\/div>\n\t\n\n\t\t<\/div>\n\t\t\t\t\t<\/div>\n\n\t\n\n<\/div>\n\n\t\t<\/div>\n\n\t\t\n<style>\n#section_435804902 {\n  padding-top: 0px;\n  padding-bottom: 0px;\n}\n#section_435804902 .section-bg.bg-loaded {\n  background-image: url(https:\/\/www.vincelli-prosecco.com\/wp-content\/uploads\/2022\/11\/brutgradient-scaled.jpg);\n}\n<\/style>\n\t<\/section>\n\t\n\t<section class=\"section\" id=\"section_767718476\">\n\t\t<div class=\"bg section-bg fill bg-fill\" >\n\n\t\t\t\n\t\t\t\n\t\t\t\n\n\t\t<\/div>\n\n\t\t<div class=\"section-content relative\">\n\t\t\t\n\n\n\t\t<\/div>\n\n\t\t\n<style>\n#section_767718476 {\n  padding-top: 0px;\n  padding-bottom: 0px;\n  min-height: 60vh;\n}\n#section_767718476 .section-bg.bg-loaded {\n  background-image: url(https:\/\/www.vincelli-prosecco.com\/wp-content\/uploads\/2022\/11\/winegvinc.jpg);\n}\n<\/style>\n\t<\/section>","protected":false},"excerpt":{"rendered":"","protected":false},"author":1,"featured_media":0,"parent":0,"menu_order":0,"comment_status":"closed","ping_status":"closed","template":"page-transparent-header.php","meta":{"footnotes":""},"class_list":["post-153","page","type-page","status-publish","hentry"],"_links":{"self":[{"href":"https:\/\/www.vincelli-prosecco.com\/de\/wp-json\/wp\/v2\/pages\/153","targetHints":{"allow":["GET"]}}],"collection":[{"href":"https:\/\/www.vincelli-prosecco.com\/de\/wp-json\/wp\/v2\/pages"}],"about":[{"href":"https:\/\/www.vincelli-prosecco.com\/de\/wp-json\/wp\/v2\/types\/page"}],"author":[{"embeddable":true,"href":"https:\/\/www.vincelli-prosecco.com\/de\/wp-json\/wp\/v2\/users\/1"}],"replies":[{"embeddable":true,"href":"https:\/\/www.vincelli-prosecco.com\/de\/wp-json\/wp\/v2\/comments?post=153"}],"version-history":[{"count":12,"href":"https:\/\/www.vincelli-prosecco.com\/de\/wp-json\/wp\/v2\/pages\/153\/revisions"}],"predecessor-version":[{"id":289,"href":"https:\/\/www.vincelli-prosecco.com\/de\/wp-json\/wp\/v2\/pages\/153\/revisions\/289"}],"wp:attachment":[{"href":"https:\/\/www.vincelli-prosecco.com\/de\/wp-json\/wp\/v2\/media?parent=153"}],"curies":[{"name":"wp","href":"https:\/\/api.w.org\/{rel}","templated":true}]}}