{"id":15,"date":"2022-05-03T08:47:21","date_gmt":"2022-05-03T08:47:21","guid":{"rendered":"http:\/\/vincelli.local\/?page_id=15"},"modified":"2022-11-09T13:57:54","modified_gmt":"2022-11-09T13:57:54","slug":"15-2","status":"publish","type":"page","link":"https:\/\/www.vincelli-prosecco.com\/de\/","title":{"rendered":"Startseite"},"content":{"rendered":"<section class=\"section is-full-height\" id=\"section_544328397\">\n\t\t<div class=\"bg section-bg fill bg-fill  bg-loaded\" >\n\n\t\t\t\n\t\t\t\n\t\t\t\n\n\t\t<\/div>\n\n\t\t<div class=\"section-content relative\">\n\t\t\t\n\n<div class=\"slider-wrapper relative\" id=\"slider-790394573\" >\n    <div class=\"slider slider-nav-circle slider-nav-large slider-nav-light slider-style-normal\"\n        data-flickity-options='{            \"cellAlign\": \"center\",            \"imagesLoaded\": true,            \"lazyLoad\": 1,            \"freeScroll\": false,            \"wrapAround\": true,            \"autoPlay\": 6000,            \"pauseAutoPlayOnHover\" : false,            \"prevNextButtons\": false,            \"contain\" : true,            \"adaptiveHeight\" : true,            \"dragThreshold\" : 10,            \"percentPosition\": true,            \"pageDots\": true,            \"rightToLeft\": false,            \"draggable\": false,            \"selectedAttraction\": 0.1,            \"parallax\" : 0,            \"friction\": 0.6        }'\n        >\n        \n\n\n  <div class=\"banner has-hover has-video\" id=\"banner-970772985\">\n          <div class=\"banner-inner fill\">\n        <div class=\"banner-bg fill\" >\n            <div class=\"bg fill bg-fill\"><\/div>\n            \t<div class=\"video-overlay no-click fill visible\"><\/div>\n\t<video class=\"video-bg fill visible\" preload playsinline autoplay\n\t\tmuted\t\tloop>\n\t\t<source src=\"https:\/\/www.vincelli-prosecco.com\/wp-content\/uploads\/2022\/11\/Vincelli.mp4\" type=\"video\/mp4\">\t<\/video>\n                        \n                    <\/div>\n        <div class=\"banner-layers container\">\n            <div class=\"fill banner-link\"><\/div>            \n\n\n        <\/div>\n      <\/div>\n\n            \n<style>\n#banner-970772985 {\n  padding-top: 100vh;\n  background-color: rgb(0, 0, 0);\n}\n<\/style>\n  <\/div>\n\n\n\n  <div class=\"banner has-hover\" id=\"banner-1568865947\">\n          <div class=\"banner-inner fill\">\n        <div class=\"banner-bg fill\" >\n            <div class=\"bg fill bg-fill\"><\/div>\n                                    \n                    <\/div>\n        <div class=\"banner-layers container\">\n            <div class=\"fill banner-link\"><\/div>            \n\n   <div id=\"text-box-883118290\" class=\"text-box banner-layer x50 md-x50 lg-x50 y65 md-y65 lg-y65 res-text\">\n                                <div class=\"text-box-content text dark\">\n              \n              <div class=\"text-inner text-center\">\n                  \n\n<h1 class=\"uppercase\">Vincelli <span style=\"color: #ff9900;\">Extra Dry<\/span><\/h1>\n<h4 class=\"uppercase thin-font\">Prosecco Superiore DOCG<\/h4>\n\t<div id=\"gap-778848221\" class=\"gap-element clearfix\" style=\"display:block; height:auto;\">\n\t\t\n<style>\n#gap-778848221 {\n  padding-top: 30px;\n}\n<\/style>\n\t<\/div>\n\t\n\n<a class=\"button white is-outline is-smaller rumbutton\"  style=\"padding:0px 60px 0px 60px;\">\n    <span>Jetzt entdecken<\/span>\n  <i class=\"icon-angle-right\" ><\/i><\/a>\n\n\n\n              <\/div>\n           <\/div>\n                            \n<style>\n#text-box-883118290 {\n  width: 60%;\n}\n#text-box-883118290 .text-box-content {\n  font-size: 100%;\n}\n<\/style>\n    <\/div>\n \n\n        <\/div>\n      <\/div>\n\n            \n<style>\n#banner-1568865947 {\n  padding-top: 100vh;\n  background-color: rgb(0,0,0);\n}\n#banner-1568865947 .bg.bg-loaded {\n  background-image: url(https:\/\/www.vincelli-prosecco.com\/wp-content\/uploads\/2022\/05\/VincelliProsecco2-scaled.jpg);\n}\n<\/style>\n  <\/div>\n\n\n\n     <\/div>\n\n     <div class=\"loading-spin dark large centered\"><\/div>\n\n     \t<\/div>\n\n\n\n\t\t<\/div>\n\n\t\t\n<style>\n#section_544328397 {\n  padding-top: 0px;\n  padding-bottom: 0px;\n  min-height: 100vh;\n}\n<\/style>\n\t<\/section>\n\t\n\t<section class=\"section dark has-parallax is-full-height\" id=\"section_1630266044\">\n\t\t<div class=\"bg section-bg fill bg-fill\" data-parallax-container=\".section\" data-parallax-background data-parallax=\"-8\">\n\n\t\t\t\n\t\t\t\n\t\t\t\n\n\t\t<\/div>\n\n\t\t<div class=\"section-content relative\">\n\t\t\t\n\n<div class=\"row row-collapse align-middle align-center\"  id=\"row-1311180952\">\n\n\n\t<div id=\"col-1597374224\" class=\"col medium-6 small-12 large-6\"  >\n\t\t\t\t<div class=\"col-inner\"  >\n\t\t\t\n\t\t\t\n\n<div class=\"row align-middle align-center\"  id=\"row-2065691748\">\n\n\n\t<div id=\"col-751865812\" class=\"col medium-9 small-10 large-9\"  data-animate=\"fadeInUp\">\n\t\t\t\t<div class=\"col-inner text-center\"  >\n\t\t\t\n\t\t\t\n\n\t<div class=\"img has-hover x md-x lg-x y md-y lg-y\" id=\"image_1855253285\">\n\t\t\t\t\t\t\t\t<div class=\"img-inner dark\" >\n\t\t\t<img loading=\"lazy\" decoding=\"async\" width=\"1024\" height=\"851\" src=\"https:\/\/www.vincelli-prosecco.com\/wp-content\/uploads\/2022\/05\/vincelli_logo_silver-1024x851.png\" class=\"attachment-large size-large\" alt=\"\" srcset=\"https:\/\/www.vincelli-prosecco.com\/wp-content\/uploads\/2022\/05\/vincelli_logo_silver-1024x851.png 1024w, https:\/\/www.vincelli-prosecco.com\/wp-content\/uploads\/2022\/05\/vincelli_logo_silver-300x249.png 300w, https:\/\/www.vincelli-prosecco.com\/wp-content\/uploads\/2022\/05\/vincelli_logo_silver-768x639.png 768w, https:\/\/www.vincelli-prosecco.com\/wp-content\/uploads\/2022\/05\/vincelli_logo_silver.png 1181w\" sizes=\"auto, (max-width: 1024px) 100vw, 1024px\" \/>\t\t\t\t\t\t\n\t\t\t\t\t<\/div>\n\t\t\t\t\t\t\t\t\n<style>\n#image_1855253285 {\n  width: 30%;\n}\n<\/style>\n\t<\/div>\n\t\n\n\t<div id=\"text-3234158489\" class=\"text\">\n\t\t\n\n<h1 class=\"thin-font\">Prosecco f\u00fcr den Genie\u00dfer.<\/h1>\n<p>Als einer der Hersteller, der ausschlie\u00dflich DOCG-Prosecco produziert, ist Vincelli ein Symbol f\u00fcr Eleganz und Zeitlosigkeit. Das Ergebnis des Endprodukts wird ausschlie\u00dflich durch die Auswahl der besten Trauben erreicht, die nur von Hand geerntet werden \u2026<\/p>\n\t\t\n<style>\n#text-3234158489 {\n  font-size: 1rem;\n  text-align: left;\n}\n<\/style>\n\t<\/div>\n\t\n\n\t\t<\/div>\n\t\t\t\t\t<\/div>\n\n\t\n\n<\/div>\n\n\t\t<\/div>\n\t\t\t\t\t<\/div>\n\n\t\n\n\t<div id=\"col-1735424051\" class=\"col medium-6 small-12 large-6\"  data-animate=\"fadeInUp\">\n\t\t\t\t<div class=\"col-inner text-center\"  >\n\t\t\t\n\t<div class=\"is-border\"\n\t\tstyle=\"border-width:0px 0px 0px 1px;\">\n\t<\/div>\n\t\t\t\n\n\t<div class=\"img has-hover x md-x lg-x y md-y lg-y\" id=\"image_2110295988\">\n\t\t\t\t\t\t<div data-animate=\"fadeInUp\">\t\t<div class=\"img-inner dark\" >\n\t\t\t<img loading=\"lazy\" decoding=\"async\" width=\"687\" height=\"1024\" src=\"https:\/\/www.vincelli-prosecco.com\/wp-content\/uploads\/2022\/06\/Vincelliprosecconeu2-687x1024.png\" class=\"attachment-large size-large\" alt=\"\" srcset=\"https:\/\/www.vincelli-prosecco.com\/wp-content\/uploads\/2022\/06\/Vincelliprosecconeu2-687x1024.png 687w, https:\/\/www.vincelli-prosecco.com\/wp-content\/uploads\/2022\/06\/Vincelliprosecconeu2-201x300.png 201w, https:\/\/www.vincelli-prosecco.com\/wp-content\/uploads\/2022\/06\/Vincelliprosecconeu2-768x1145.png 768w, https:\/\/www.vincelli-prosecco.com\/wp-content\/uploads\/2022\/06\/Vincelliprosecconeu2-1030x1536.png 1030w, https:\/\/www.vincelli-prosecco.com\/wp-content\/uploads\/2022\/06\/Vincelliprosecconeu2.png 1059w\" sizes=\"auto, (max-width: 687px) 100vw, 687px\" \/>\t\t\t\t\t\t\n\t\t\t\t\t<\/div>\n\t\t<\/div>\t\t\t\t\t\t\n<style>\n#image_2110295988 {\n  width: 65%;\n}\n<\/style>\n\t<\/div>\n\t\n\n\n\t\t<\/div>\n\t\t\t\t\t<\/div>\n\n\t\n\n<\/div>\n\n\t\t<\/div>\n\n\t\t\n<style>\n#section_1630266044 {\n  padding-top: 30px;\n  padding-bottom: 30px;\n  min-height: 100vh;\n  background-color: rgb(0, 0, 0);\n}\n#section_1630266044 .section-bg.bg-loaded {\n  background-image: url(https:\/\/www.vincelli-prosecco.com\/wp-content\/uploads\/2022\/11\/patternvincelli-scaled.jpg);\n}\n@media (min-width:550px) {\n  #section_1630266044 {\n    padding-top: 0px;\n    padding-bottom: 0px;\n  }\n}\n<\/style>\n\t<\/section>\n\t\n\t<section class=\"section is-full-height\" id=\"section_1277992054\">\n\t\t<div class=\"bg section-bg fill bg-fill  bg-loaded\" >\n\n\t\t\t\t<div class=\"video-overlay no-click fill visible\"><\/div>\n\t<video class=\"video-bg fill visible\" preload playsinline autoplay\n\t\tmuted\t\tloop>\n\t\t<source src=\"https:\/\/www.vincelli-prosecco.com\/wp-content\/uploads\/2022\/11\/pexels-rostislav-uzunov-7385122.mp4\" type=\"video\/mp4\">\t<\/video>\n\n\t\t\t<div class=\"section-bg-overlay absolute fill\"><\/div>\n\t\t\t\n\n\t\t<\/div>\n\n\t\t<div class=\"section-content relative\">\n\t\t\t\n\n<div class=\"row align-middle align-center\"  id=\"row-883056367\">\n\n\n\t<div id=\"col-393989297\" class=\"col small-12 large-12\"  >\n\t\t\t\t<div class=\"col-inner text-left\"  >\n\t\t\t\n\t\t\t\n\n\t<div id=\"text-266663282\" class=\"text\">\n\t\t\n\n<h1 class=\"uppercase thin-font\" data-animate=\"fadeInUp\">Das Herz des Proseccos.<\/h1>\n\t\t\n<style>\n#text-266663282 {\n  font-size: 1.2rem;\n  text-align: left;\n  color: rgb(255, 255, 255);\n}\n#text-266663282 > * {\n  color: rgb(255, 255, 255);\n}\n<\/style>\n\t<\/div>\n\t\n<div class=\"is-divider divider clearfix\" style=\"max-width:1200px;height:0.5px;background-color:rgb(255, 255, 255);\"><\/div>\n\n\n\t\t<\/div>\n\t\t\t\t\t<\/div>\n\n\t\n\n<\/div>\n<div class=\"row align-middle align-center\"  id=\"row-1822340916\">\n\n\n\t<div id=\"col-1542042534\" class=\"col medium-5 small-12 large-5\"  data-animate=\"fadeInUp\">\n\t\t\t\t<div class=\"col-inner text-center\"  >\n\t\t\t\n\t\t\t\n\n\t<div id=\"text-1518194136\" class=\"text\">\n\t\t\n\n<p>Tief im Herzen des Proseccoanbaugebiets eingebettet, steht DOCG auf Vincellis Etikett f\u00fcr die beste Qualit\u00e4t der Glera-Traube aus dem zentralsten Teil der Kernzone. 100% Glera und vollst\u00e4ndig von Hand in den steilen Weinbergen geerntet, UNESCO-Weltkulturerbe seit 2019.\u00a0<\/p>\n<p>Nur 15 kleine D\u00f6rfer bilden die DOCG-Herkunftszone mit dem Ort Valdobbiadene im Zentrum. Seit mehr als drei Jahrhunderten werden hier die Trauben f\u00fcr dieses besondere Produkt angebaut.<\/p>\n\t\t\n<style>\n#text-1518194136 {\n  font-size: 1rem;\n  text-align: left;\n  color: rgb(255, 255, 255);\n}\n#text-1518194136 > * {\n  color: rgb(255, 255, 255);\n}\n<\/style>\n\t<\/div>\n\t\n\t<div class=\"img has-hover x md-x lg-x y md-y lg-y\" id=\"image_2020637313\">\n\t\t\t\t\t\t\t\t<div class=\"img-inner dark\" >\n\t\t\t<img loading=\"lazy\" decoding=\"async\" width=\"1522\" height=\"2000\" src=\"https:\/\/www.vincelli-prosecco.com\/wp-content\/uploads\/2022\/11\/conegvaldoprose.png\" class=\"attachment-large size-large\" alt=\"\" srcset=\"https:\/\/www.vincelli-prosecco.com\/wp-content\/uploads\/2022\/11\/conegvaldoprose.png 1522w, https:\/\/www.vincelli-prosecco.com\/wp-content\/uploads\/2022\/11\/conegvaldoprose-768x1009.png 768w\" sizes=\"auto, (max-width: 1522px) 100vw, 1522px\" \/>\t\t\t\t\t\t\n\t\t\t\t\t<\/div>\n\t\t\t\t\t\t\t\t\n<style>\n#image_2020637313 {\n  width: 30%;\n}\n<\/style>\n\t<\/div>\n\t\n\n\n\t\t<\/div>\n\t\t\t\t\t<\/div>\n\n\t\n\n\t<div id=\"col-803849265\" class=\"col medium-6 small-12 large-6\"  >\n\t\t\t\t<div class=\"col-inner\"  >\n\t\t\t\n\t\t\t\n\n\t<div class=\"img has-hover x md-x lg-x y md-y lg-y\" id=\"image_954964316\">\n\t\t\t\t\t\t<div data-animate=\"fadeInUp\">\t\t<div class=\"img-inner dark\" >\n\t\t\t<img loading=\"lazy\" decoding=\"async\" width=\"1024\" height=\"1024\" src=\"https:\/\/www.vincelli-prosecco.com\/wp-content\/uploads\/2022\/06\/VincelliLocation-1024x1024.png\" class=\"attachment-large size-large\" alt=\"\" srcset=\"https:\/\/www.vincelli-prosecco.com\/wp-content\/uploads\/2022\/06\/VincelliLocation-1024x1024.png 1024w, https:\/\/www.vincelli-prosecco.com\/wp-content\/uploads\/2022\/06\/VincelliLocation-300x300.png 300w, https:\/\/www.vincelli-prosecco.com\/wp-content\/uploads\/2022\/06\/VincelliLocation-150x150.png 150w, https:\/\/www.vincelli-prosecco.com\/wp-content\/uploads\/2022\/06\/VincelliLocation-768x768.png 768w, https:\/\/www.vincelli-prosecco.com\/wp-content\/uploads\/2022\/06\/VincelliLocation-1536x1536.png 1536w, https:\/\/www.vincelli-prosecco.com\/wp-content\/uploads\/2022\/06\/VincelliLocation.png 2000w\" sizes=\"auto, (max-width: 1024px) 100vw, 1024px\" \/>\t\t\t\t\t\t\n\t\t\t\t\t<\/div>\n\t\t<\/div>\t\t\t\t\t\t\n<style>\n#image_954964316 {\n  width: 100%;\n}\n<\/style>\n\t<\/div>\n\t\n\n\n\t\t<\/div>\n\t\t\t\t\t<\/div>\n\n\t\n\n<\/div>\n\n\t\t<\/div>\n\n\t\t\n<style>\n#section_1277992054 {\n  padding-top: 50px;\n  padding-bottom: 50px;\n  min-height: 100vh;\n  background-color: rgb(0,0,0);\n}\n#section_1277992054 .section-bg-overlay {\n  background-color: rgba(0, 0, 0, 0.6);\n}\n@media (min-width:550px) {\n  #section_1277992054 {\n    padding-top: 0px;\n    padding-bottom: 0px;\n  }\n}\n<\/style>\n\t<\/section>\n\t\n\t<section class=\"section is-full-height\" id=\"section_808307947\">\n\t\t<div class=\"bg section-bg fill bg-fill  bg-loaded\" >\n\n\t\t\t\n\t\t\t\n\t\t\t\n\n\t\t<\/div>\n\n\t\t<div class=\"section-content relative\">\n\t\t\t\n\n<div class=\"row align-middle align-center\"  id=\"row-1417427301\">\n\n\n\t<div id=\"col-763921892\" class=\"col small-12 large-12\"  >\n\t\t\t\t<div class=\"col-inner text-left\"  >\n\t\t\t\n\t\t\t\n\n\t<div id=\"text-2748412410\" class=\"text\">\n\t\t\n\n<h1 class=\"uppercase thin-font\" data-animate=\"fadeInUp\">Ein Produkt der Perfektion.<\/h1>\n\t\t\n<style>\n#text-2748412410 {\n  font-size: 1.2rem;\n  text-align: left;\n  color: rgb(255, 255, 255);\n}\n#text-2748412410 > * {\n  color: rgb(255, 255, 255);\n}\n<\/style>\n\t<\/div>\n\t\n<div class=\"is-divider divider clearfix\" style=\"max-width:1200px;height:0.5px;background-color:rgb(255, 255, 255);\"><\/div>\n\n\n\t\t<\/div>\n\t\t\t\t\t<\/div>\n\n\t\n\n<\/div>\n<div class=\"row align-middle\"  id=\"row-1312499609\">\n\n\n\t<div id=\"col-323622171\" class=\"col medium-7 small-12 large-7\"  data-animate=\"fadeInUp\">\n\t\t\t\t<div class=\"col-inner\"  >\n\t\t\t\n\t\t\t\n\n\t<div class=\"img has-hover x md-x lg-x y md-y lg-y\" id=\"image_2088904713\">\n\t\t\t\t\t\t\t\t<div class=\"img-inner dark\" >\n\t\t\t<img loading=\"lazy\" decoding=\"async\" width=\"1024\" height=\"578\" src=\"https:\/\/www.vincelli-prosecco.com\/wp-content\/uploads\/2022\/06\/177524525_4142628512466961_1178804167501147216_n-1024x578.jpg\" class=\"attachment-large size-large\" alt=\"\" srcset=\"https:\/\/www.vincelli-prosecco.com\/wp-content\/uploads\/2022\/06\/177524525_4142628512466961_1178804167501147216_n-1024x578.jpg 1024w, https:\/\/www.vincelli-prosecco.com\/wp-content\/uploads\/2022\/06\/177524525_4142628512466961_1178804167501147216_n-300x169.jpg 300w, https:\/\/www.vincelli-prosecco.com\/wp-content\/uploads\/2022\/06\/177524525_4142628512466961_1178804167501147216_n-768x434.jpg 768w, https:\/\/www.vincelli-prosecco.com\/wp-content\/uploads\/2022\/06\/177524525_4142628512466961_1178804167501147216_n.jpg 1440w\" sizes=\"auto, (max-width: 1024px) 100vw, 1024px\" \/>\t\t\t\t\t\t\n\t\t\t\t\t<\/div>\n\t\t\t\t\t\t\t\t\n<style>\n#image_2088904713 {\n  width: 100%;\n}\n<\/style>\n\t<\/div>\n\t\n\n\n\t\t<\/div>\n\t\t\t\t\t<\/div>\n\n\t\n\n\t<div id=\"col-891079902\" class=\"col medium-5 small-12 large-5\"  data-animate=\"fadeInUp\">\n\t\t\t\t<div class=\"col-inner\"  >\n\t\t\t\n\t\t\t\n\n\t<div id=\"text-3817609716\" class=\"text\">\n\t\t\n\n<p>Vincelli wurde in den H\u00fcgeln von Valdobbiadene geboren, um h\u00f6chste Qualit\u00e4t zu erreichen und die Idee von Prosecco neu zu definieren. Nur ausgew\u00e4hlte Trauben von DOCG-Herkunft werden verarbeitet, um ein sensationelles Produkt herzustellen, das aus dem Herzen des Proseccogebiets stammt.<\/p>\n<p>Eine elegante Manifestation des Prosecco- und Aperitivo-Lifestyles in Italien, hergestellt f\u00fcr qualit\u00e4tsbewusste Verbraucher, fine-dining Restaurants und f\u00fchrende Bars.\u00a0<\/p>\n\t\t\n<style>\n#text-3817609716 {\n  font-size: 1rem;\n  color: rgb(255, 255, 255);\n}\n#text-3817609716 > * {\n  color: rgb(255, 255, 255);\n}\n<\/style>\n\t<\/div>\n\t\n\n\t\t<\/div>\n\t\t\t\t\t<\/div>\n\n\t\n\n<\/div>\n\n\t\t<\/div>\n\n\t\t\n<style>\n#section_808307947 {\n  padding-top: 50px;\n  padding-bottom: 50px;\n  min-height: 100vh;\n  background-color: rgb(19, 22, 30);\n}\n@media (min-width:550px) {\n  #section_808307947 {\n    padding-top: 0px;\n    padding-bottom: 0px;\n  }\n}\n<\/style>\n\t<\/section>\n\t\n\t<section class=\"section hide-for-small is-full-height\" id=\"section_962398044\">\n\t\t<div class=\"bg section-bg fill bg-fill\" >\n\n\t\t\t\n\t\t\t<div class=\"section-bg-overlay absolute fill\"><\/div>\n\t\t\t\n\n\t\t<\/div>\n\n\t\t<div class=\"section-content relative\">\n\t\t\t\n\n<div class=\"row align-middle align-center\"  id=\"row-2011770962\">\n\n\n\t<div id=\"col-1811938491\" class=\"col small-12 large-12\"  >\n\t\t\t\t<div class=\"col-inner text-left\"  >\n\t\t\t\n\t\t\t\n\n\t<div id=\"text-3563929337\" class=\"text\">\n\t\t\n\n<h1 class=\"uppercase thin-font\" data-animate=\"fadeInUp\">Eine feine Auswahl.<\/h1>\n\t\t\n<style>\n#text-3563929337 {\n  font-size: 1.2rem;\n  text-align: left;\n  color: rgb(255, 255, 255);\n}\n#text-3563929337 > * {\n  color: rgb(255, 255, 255);\n}\n<\/style>\n\t<\/div>\n\t\n<div class=\"is-divider divider clearfix\" style=\"max-width:1200px;height:0.5px;background-color:rgb(255, 255, 255);\"><\/div>\n\n\n\t\t<\/div>\n\t\t\t\t\t<\/div>\n\n\t\n\n<\/div>\n<div class=\"row align-middle align-center\"  id=\"row-82943306\">\n\n\n\t<div id=\"col-914899060\" class=\"col medium-4 small-12 large-4\"  >\n\t\t\t\t<div class=\"col-inner\"  >\n\t\t\t\n\t\t\t\n\n\t<div class=\"img has-hover x md-x lg-x y md-y lg-y\" id=\"image_5466542\">\n\t\t\t\t\t\t<div data-animate=\"fadeInUp\">\t\t<div class=\"img-inner dark\" >\n\t\t\t<img loading=\"lazy\" decoding=\"async\" width=\"687\" height=\"1024\" src=\"https:\/\/www.vincelli-prosecco.com\/wp-content\/uploads\/2022\/06\/Vincelliprosecconeu3-687x1024.png\" class=\"attachment-large size-large\" alt=\"\" srcset=\"https:\/\/www.vincelli-prosecco.com\/wp-content\/uploads\/2022\/06\/Vincelliprosecconeu3-687x1024.png 687w, https:\/\/www.vincelli-prosecco.com\/wp-content\/uploads\/2022\/06\/Vincelliprosecconeu3-201x300.png 201w, https:\/\/www.vincelli-prosecco.com\/wp-content\/uploads\/2022\/06\/Vincelliprosecconeu3-768x1145.png 768w, https:\/\/www.vincelli-prosecco.com\/wp-content\/uploads\/2022\/06\/Vincelliprosecconeu3-1030x1536.png 1030w, https:\/\/www.vincelli-prosecco.com\/wp-content\/uploads\/2022\/06\/Vincelliprosecconeu3.png 1059w\" sizes=\"auto, (max-width: 687px) 100vw, 687px\" \/>\t\t\t\t\t\t\n\t\t\t\t\t<\/div>\n\t\t<\/div>\t\t\t\t\t\t\n<style>\n#image_5466542 {\n  width: 70%;\n}\n<\/style>\n\t<\/div>\n\t\n\n\n\t\t<\/div>\n\t\t\t\t\n<style>\n#col-914899060 > .col-inner {\n  margin: 0px 0px 0px -70px;\n}\n<\/style>\n\t<\/div>\n\n\t\n\n\t<div id=\"col-87313160\" class=\"col medium-4 small-12 large-4\"  >\n\t\t\t\t<div class=\"col-inner\"  >\n\t\t\t\n\t\t\t\n\n\t<div class=\"img has-hover x md-x lg-x y md-y lg-y\" id=\"image_35624641\">\n\t\t\t\t\t\t<div data-animate=\"fadeInUp\">\t\t<div class=\"img-inner dark\" >\n\t\t\t<img loading=\"lazy\" decoding=\"async\" width=\"687\" height=\"1024\" src=\"https:\/\/www.vincelli-prosecco.com\/wp-content\/uploads\/2022\/06\/Vincelliprosecconeu2-687x1024.png\" class=\"attachment-large size-large\" alt=\"\" srcset=\"https:\/\/www.vincelli-prosecco.com\/wp-content\/uploads\/2022\/06\/Vincelliprosecconeu2-687x1024.png 687w, https:\/\/www.vincelli-prosecco.com\/wp-content\/uploads\/2022\/06\/Vincelliprosecconeu2-201x300.png 201w, https:\/\/www.vincelli-prosecco.com\/wp-content\/uploads\/2022\/06\/Vincelliprosecconeu2-768x1145.png 768w, https:\/\/www.vincelli-prosecco.com\/wp-content\/uploads\/2022\/06\/Vincelliprosecconeu2-1030x1536.png 1030w, https:\/\/www.vincelli-prosecco.com\/wp-content\/uploads\/2022\/06\/Vincelliprosecconeu2.png 1059w\" sizes=\"auto, (max-width: 687px) 100vw, 687px\" \/>\t\t\t\t\t\t\n\t\t\t\t\t<\/div>\n\t\t<\/div>\t\t\t\t\t\t\n<style>\n#image_35624641 {\n  width: 70%;\n}\n<\/style>\n\t<\/div>\n\t\n\n\n\t\t<\/div>\n\t\t\t\t\n<style>\n#col-87313160 > .col-inner {\n  margin: 0px 0px 0px 70px;\n}\n<\/style>\n\t<\/div>\n\n\t\n\n<\/div>\n<div class=\"row align-middle align-center\"  id=\"row-116153524\">\n\n\n\t<div id=\"col-682804230\" class=\"col medium-4 small-12 large-4\"  >\n\t\t\t\t<div class=\"col-inner\"  >\n\t\t\t\n\t\t\t\n\n\t<div id=\"text-3696901416\" class=\"text\">\n\t\t\n\n<h3 class=\"uppercase\" data-animate=\"fadeInUp\">Brut<\/h3>\n<p data-animate=\"fadeInUp\">Die klassische Form von Prosecco. Niedriger Restzucker und elegante Aromen aus einem langen und ausgekl\u00fcgelten Herstellungsprozess.<\/p>\n\t\t\n<style>\n#text-3696901416 {\n  font-size: 1rem;\n  color: rgb(255, 255, 255);\n}\n#text-3696901416 > * {\n  color: rgb(255, 255, 255);\n}\n<\/style>\n\t<\/div>\n\t\n<a href=\"https:\/\/www.vincelli-prosecco.com\/de\/prosecco-brut\/\" target=\"_self\" class=\"button white is-outline is-smaller rumbutton\"  style=\"padding:0px 60px 0px 60px;\">\n    <span>Jetzt entdecken<\/span>\n  <i class=\"icon-angle-right\" ><\/i><\/a>\n\n\n\n\t\t<\/div>\n\t\t\t\t\n<style>\n#col-682804230 > .col-inner {\n  margin: 0px 0px 0px -70px;\n}\n<\/style>\n\t<\/div>\n\n\t\n\n\t<div id=\"col-768710346\" class=\"col medium-4 small-12 large-4\"  >\n\t\t\t\t<div class=\"col-inner\"  >\n\t\t\t\n\t\t\t\n\n\t<div id=\"text-2016180009\" class=\"text\">\n\t\t\n\n<h3 class=\"uppercase\" data-animate=\"fadeInUp\">Extra Dry<\/h3>\n<p data-animate=\"fadeInUp\">Der Allrounder schlechthin. Ein ausgewogener Extra Dry mit feinen Noten von Apfel, Birne und typischen Nuancen des Glera-Geschmacksprofils.\u00a0\u00a0<\/p>\n\t\t\n<style>\n#text-2016180009 {\n  font-size: 1rem;\n  color: rgb(255, 255, 255);\n}\n#text-2016180009 > * {\n  color: rgb(255, 255, 255);\n}\n<\/style>\n\t<\/div>\n\t\n<a href=\"https:\/\/www.vincelli-prosecco.com\/de\/prosecco-extra-dry\/\" target=\"_self\" class=\"button white is-outline is-smaller rumbutton\"  style=\"padding:0px 60px 0px 60px;\">\n    <span>Jetzt entdecken<\/span>\n  <i class=\"icon-angle-right\" ><\/i><\/a>\n\n\n\n\t\t<\/div>\n\t\t\t\t\n<style>\n#col-768710346 > .col-inner {\n  margin: 0px 0px 0px 70px;\n}\n<\/style>\n\t<\/div>\n\n\t\n\n<\/div>\n\n\t\t<\/div>\n\n\t\t\n<style>\n#section_962398044 {\n  padding-top: 50px;\n  padding-bottom: 50px;\n  min-height: 100vh;\n  background-color: rgb(0,0,0);\n}\n#section_962398044 .section-bg-overlay {\n  background-color: rgba(0, 0, 0, 0.8);\n}\n#section_962398044 .section-bg.bg-loaded {\n  background-image: url(https:\/\/www.vincelli-prosecco.com\/wp-content\/uploads\/2022\/11\/michael-cragg-D4iWyqUotg4-unsplash.jpg);\n}\n@media (min-width:550px) {\n  #section_962398044 {\n    padding-top: 0px;\n    padding-bottom: 0px;\n  }\n}\n<\/style>\n\t<\/section>\n\t\n\t<section class=\"section\" id=\"section_484323432\">\n\t\t<div class=\"bg section-bg fill bg-fill\" >\n\n\t\t\t\n\t\t\t<div class=\"section-bg-overlay absolute fill\"><\/div>\n\t\t\t\n\n\t\t<\/div>\n\n\t\t<div class=\"section-content relative\">\n\t\t\t\n\n\n  <div class=\"banner has-hover\" id=\"banner-1198765902\">\n          <div class=\"banner-inner fill\">\n        <div class=\"banner-bg fill\" >\n            <div class=\"bg fill bg-fill\"><\/div>\n                                    \n                    <\/div>\n        <div class=\"banner-layers container\">\n            <div class=\"fill banner-link\"><\/div>            \n\n   <div id=\"text-box-68929227\" class=\"text-box banner-layer x50 md-x50 lg-x50 y50 md-y50 lg-y50 res-text\">\n                                <div class=\"text-box-content text dark\">\n              \n              <div class=\"text-inner text-center\">\n                  \n\n\t<div id=\"text-3589821359\" class=\"text\">\n\t\t\n\n<h3 class=\"uppercase thin-font\">Entdecken &amp; Verkosten<\/h3>\n<p>Die Welt von Vincelli \u00ae<\/p>\n\t\t\n<style>\n#text-3589821359 {\n  font-size: 1rem;\n}\n@media (min-width:550px) {\n  #text-3589821359 {\n    font-size: 1.2rem;\n  }\n}\n<\/style>\n\t<\/div>\n\t\n<a href=\"https:\/\/www.vincelli-prosecco.com\/de\/products\/\" target=\"_self\" class=\"button white is-outline is-small\"  >\n    <span>Jetzt entdecken<\/span>\n  <i class=\"icon-angle-right\" ><\/i><\/a>\n\n\n\n              <\/div>\n           <\/div>\n                            \n<style>\n#text-box-68929227 {\n  width: 60%;\n}\n#text-box-68929227 .text-box-content {\n  font-size: 100%;\n}\n<\/style>\n    <\/div>\n \n\n        <\/div>\n      <\/div>\n\n            \n<style>\n#banner-1198765902 {\n  padding-top: 500px;\n  background-color: rgba(0, 0, 0, 0);\n}\n<\/style>\n  <\/div>\n\n\n\n\t\t<\/div>\n\n\t\t\n<style>\n#section_484323432 {\n  padding-top: 0px;\n  padding-bottom: 0px;\n  min-height: 70vh;\n  background-color: rgb(0, 0, 0);\n}\n#section_484323432 .section-bg-overlay {\n  background-color: rgba(0, 0, 0, 0.35);\n}\n#section_484323432 .section-bg.bg-loaded {\n  background-image: url(https:\/\/www.vincelli-prosecco.com\/wp-content\/uploads\/2022\/07\/StradaNotte.jpg);\n}\n<\/style>\n\t<\/section>","protected":false},"excerpt":{"rendered":"","protected":false},"author":1,"featured_media":0,"parent":0,"menu_order":0,"comment_status":"closed","ping_status":"closed","template":"page-single-page-nav-transparent-light.php","meta":{"footnotes":""},"class_list":["post-15","page","type-page","status-publish","hentry"],"_links":{"self":[{"href":"https:\/\/www.vincelli-prosecco.com\/de\/wp-json\/wp\/v2\/pages\/15","targetHints":{"allow":["GET"]}}],"collection":[{"href":"https:\/\/www.vincelli-prosecco.com\/de\/wp-json\/wp\/v2\/pages"}],"about":[{"href":"https:\/\/www.vincelli-prosecco.com\/de\/wp-json\/wp\/v2\/types\/page"}],"author":[{"embeddable":true,"href":"https:\/\/www.vincelli-prosecco.com\/de\/wp-json\/wp\/v2\/users\/1"}],"replies":[{"embeddable":true,"href":"https:\/\/www.vincelli-prosecco.com\/de\/wp-json\/wp\/v2\/comments?post=15"}],"version-history":[{"count":42,"href":"https:\/\/www.vincelli-prosecco.com\/de\/wp-json\/wp\/v2\/pages\/15\/revisions"}],"predecessor-version":[{"id":287,"href":"https:\/\/www.vincelli-prosecco.com\/de\/wp-json\/wp\/v2\/pages\/15\/revisions\/287"}],"wp:attachment":[{"href":"https:\/\/www.vincelli-prosecco.com\/de\/wp-json\/wp\/v2\/media?parent=15"}],"curies":[{"name":"wp","href":"https:\/\/api.w.org\/{rel}","templated":true}]}}